{"id":3650,"date":"2026-03-05T09:27:17","date_gmt":"2026-03-05T08:27:17","guid":{"rendered":"https:\/\/kc-mediagroup.pl\/?page_id=3650"},"modified":"2026-03-06T20:37:30","modified_gmt":"2026-03-06T19:37:30","slug":"case-studies","status":"publish","type":"page","link":"https:\/\/kc-mediagroup.pl\/pl\/case-studies\/","title":{"rendered":"Case Studies"},"content":{"rendered":"\n<section class=\"hero-subpage\">\n    <div class=\"container\">\n        <div class=\"hero-subpage__content\">\n                            <div class=\"hero-subpage__text\">\n                    <h2>Transformujemy ambicje w system wzrostu.<\/h2>\n<p>Poznaj historie naszych klient\u00f3w<\/p>\n                <\/div>\n            \n                            <a \n                    href=\"\/pl\/kontakt\/\" \n                    class=\"hero-subpage__cta button\"\n                                    >\n                    Kontakt                <\/a>\n                    <\/div>\n    <\/div>\n<\/section>\n\n<section class=\"case-studies-list\">\n    <div class=\"container\">\n                    <div class=\"case-study-group type-three \">\n                                    <div class=\"case-study-item\" data-aos=\"fade-up\" data-aos-delay=\"0\">\n                        <div class=\"case-study-content\">\n                                                            <h3 class=\"case-study-title\">\n                                    Comarch                                                                            <span class=\"case-study-category\">Digital Content<\/span>\n                                                                    <\/h3>\n                                                        \n                        <\/div>\n                                                    <div class=\"case-study-image\">\n                                <a class=\"case-study-link\" href=\"#\"><img decoding=\"async\" src=\"https:\/\/kc-mediagroup.pl\/wp-content\/uploads\/2026\/03\/Rectangle-1.jpg\" alt=\"\"><\/a>\n                            <\/div>\n                                            <\/div>\n                                    <div class=\"case-study-item\" data-aos=\"fade-up\" data-aos-delay=\"100\">\n                        <div class=\"case-study-content\">\n                                                            <h3 class=\"case-study-title\">\n                                    INC\/Walmart                                                                            <span class=\"case-study-category\">COUNTRY WIDE DIGITAL EXPERIENCE<\/span>\n                                                                    <\/h3>\n                                                        \n                        <\/div>\n                                                    <div class=\"case-study-image\">\n                                <a class=\"case-study-link\" href=\"#\"><img decoding=\"async\" src=\"https:\/\/kc-mediagroup.pl\/wp-content\/uploads\/2026\/03\/image-9.jpg\" alt=\"\"><\/a>\n                            <\/div>\n                                            <\/div>\n                                    <div class=\"case-study-item\" data-aos=\"fade-up\" data-aos-delay=\"200\">\n                        <div class=\"case-study-content\">\n                                                            <h3 class=\"case-study-title\">\n                                    COLGATE PALMOLIVE                                                                            <span class=\"case-study-category\">PRODUCT LAUNCH<\/span>\n                                                                    <\/h3>\n                                                        \n                        <\/div>\n                                                    <div class=\"case-study-image\">\n                                <a class=\"case-study-link\" href=\"#\"><img decoding=\"async\" src=\"https:\/\/kc-mediagroup.pl\/wp-content\/uploads\/2026\/03\/image-12.jpg\" alt=\"\"><\/a>\n                            <\/div>\n                                            <\/div>\n                            <\/div>\n                    <div class=\"case-study-group type-two \">\n                                    <div class=\"case-study-item\" data-aos=\"fade-up\" data-aos-delay=\"0\">\n                        <div class=\"case-study-content\">\n                                                            <h3 class=\"case-study-title\">\n                                    XTON                                                                            <span class=\"case-study-category\">CONTENT AND MEDIA BUYING<\/span>\n                                                                    <\/h3>\n                                                        \n                        <\/div>\n                                                    <div class=\"case-study-image\">\n                                <a class=\"case-study-link\" href=\"#\"><img decoding=\"async\" src=\"https:\/\/kc-mediagroup.pl\/wp-content\/uploads\/2026\/03\/image-10.jpg\" alt=\"\"><\/a>\n                            <\/div>\n                                            <\/div>\n                                    <div class=\"case-study-item\" data-aos=\"fade-up\" data-aos-delay=\"100\">\n                        <div class=\"case-study-content\">\n                                                            <h3 class=\"case-study-title\">\n                                    AUDIBLE                                                                            <span class=\"case-study-category\">PODCAST MARKETING<\/span>\n                                                                    <\/h3>\n                                                        \n                        <\/div>\n                                                    <div class=\"case-study-image\">\n                                <a class=\"case-study-link\" href=\"#\"><img decoding=\"async\" src=\"https:\/\/kc-mediagroup.pl\/wp-content\/uploads\/2026\/03\/image-8.jpg\" alt=\"\"><\/a>\n                            <\/div>\n                                            <\/div>\n                            <\/div>\n                    <div class=\"case-study-group type-two reverse-columns\">\n                                    <div class=\"case-study-item\" data-aos=\"fade-up\" data-aos-delay=\"0\">\n                        <div class=\"case-study-content\">\n                                                            <h3 class=\"case-study-title\">\n                                    INTEL                                                                            <span class=\"case-study-category\">EDUCATIONAL STORYTELLING<\/span>\n                                                                    <\/h3>\n                                                        \n                        <\/div>\n                                                    <div class=\"case-study-image\">\n                                <a class=\"case-study-link\" href=\"#\"><img decoding=\"async\" src=\"https:\/\/kc-mediagroup.pl\/wp-content\/uploads\/2026\/03\/hq720-1.jpg\" alt=\"\"><\/a>\n                            <\/div>\n                                            <\/div>\n                                    <div class=\"case-study-item\" data-aos=\"fade-up\" data-aos-delay=\"100\">\n                        <div class=\"case-study-content\">\n                                                            <h3 class=\"case-study-title\">\n                                    PEUGEOT                                                                            <span class=\"case-study-category\"> LOCAL EVENT MULTIMEDIA SUPPORT<\/span>\n                                                                    <\/h3>\n                                                        \n                        <\/div>\n                                                    <div class=\"case-study-image\">\n                                <a class=\"case-study-link\" href=\"#\"><img decoding=\"async\" src=\"https:\/\/kc-mediagroup.pl\/wp-content\/uploads\/2026\/03\/Rectangle-3.jpg\" alt=\"\"><\/a>\n                            <\/div>\n                                            <\/div>\n                            <\/div>\n                <div class=\"case-studies-list__buttons\">\n                    <\/div>\n    <\/div>\n<\/section>\n\n\n\n<section class=\"testimonials-slider\">\n    <div class=\"container\">\n                    <div class=\"testimonials-slider__wrapper\">\n                                    <div class=\"testimonial\">\n                                                    <div class=\"testimonial__logo\">\n                                <img decoding=\"async\" src=\"https:\/\/kc-mediagroup.pl\/wp-content\/uploads\/2024\/02\/30-sandoz-logo-white2.png\" alt=\"\">\n                            <\/div>\n                                                                            <blockquote class=\"testimonial__text\">\n                                The whole production process went by rapidly and we were fully supported by the studio at every step of the way. What personally struck me as positive during the execution of this project was K&amp;C\u2019s openness to our needs and instant implementation of required changes. They\u2019re great listeners too and we always managed to create a friendly atmosphere while working together                            <\/blockquote>\n                                                <div class=\"testimonial__meta\">\n                                                            <span class=\"testimonial__name\">Maja Kornacka<\/span>\n                                                                                        <span class=\"testimonial__company\">Marketing Manager | Hoya Lens Poland<\/span>\n                                                    <\/div>\n                    <\/div>\n                                    <div class=\"testimonial\">\n                                                    <div class=\"testimonial__logo\">\n                                <img decoding=\"async\" src=\"https:\/\/kc-mediagroup.pl\/wp-content\/uploads\/2024\/02\/polpharma.png\" alt=\"\">\n                            <\/div>\n                                                                            <blockquote class=\"testimonial__text\">\n                                The whole production process went by rapidly and we were fully supported by the studio at every step of the way. What personally struck me as positive during the execution of this project was K&amp;C\u2019s openness to our needs and instant implementation of required changes. They\u2019re great listeners too and we always managed to create a friendly atmosphere while working together                            <\/blockquote>\n                                                <div class=\"testimonial__meta\">\n                                                            <span class=\"testimonial__name\">Maja Kornacka<\/span>\n                                                                                        <span class=\"testimonial__company\">Marketing Manager | Hoya Lens Poland<\/span>\n                                                    <\/div>\n                    <\/div>\n                            <\/div>\n                <div class=\"testimonials-slider__block\">\n                            <h2 class=\"testimonials-slider__title\">Poznaj 100+ do\u015bwiadcze\u0144 innych brand\u00f3w<\/h2>\n            \n                            <div class=\"testimonials-slider__cta\">\n                    <a href=\"\/pl\/kontakt\/\" class=\"button\" target=\"\">\n                        Kontakt                    <\/a>\n                <\/div>\n                    <\/div>\n\n        \n\n\n    <\/div>\n<\/section>\n","protected":false},"excerpt":{"rendered":"","protected":false},"author":3,"featured_media":0,"parent":0,"menu_order":0,"comment_status":"closed","ping_status":"closed","template":"page-services.php","meta":{"_editorskit_title_hidden":false,"_editorskit_reading_time":0,"_editorskit_is_block_options_detached":false,"_editorskit_block_options_position":"{}","footnotes":""},"class_list":["post-3650","page","type-page","status-publish","hentry"],"_links":{"self":[{"href":"https:\/\/kc-mediagroup.pl\/pl\/wp-json\/wp\/v2\/pages\/3650","targetHints":{"allow":["GET"]}}],"collection":[{"href":"https:\/\/kc-mediagroup.pl\/pl\/wp-json\/wp\/v2\/pages"}],"about":[{"href":"https:\/\/kc-mediagroup.pl\/pl\/wp-json\/wp\/v2\/types\/page"}],"author":[{"embeddable":true,"href":"https:\/\/kc-mediagroup.pl\/pl\/wp-json\/wp\/v2\/users\/3"}],"replies":[{"embeddable":true,"href":"https:\/\/kc-mediagroup.pl\/pl\/wp-json\/wp\/v2\/comments?post=3650"}],"version-history":[{"count":12,"href":"https:\/\/kc-mediagroup.pl\/pl\/wp-json\/wp\/v2\/pages\/3650\/revisions"}],"predecessor-version":[{"id":3753,"href":"https:\/\/kc-mediagroup.pl\/pl\/wp-json\/wp\/v2\/pages\/3650\/revisions\/3753"}],"wp:attachment":[{"href":"https:\/\/kc-mediagroup.pl\/pl\/wp-json\/wp\/v2\/media?parent=3650"}],"curies":[{"name":"wp","href":"https:\/\/api.w.org\/{rel}","templated":true}]}}