{"id":3618,"date":"2026-03-05T08:53:40","date_gmt":"2026-03-05T07:53:40","guid":{"rendered":"https:\/\/kc-mediagroup.pl\/?page_id=3618"},"modified":"2026-03-06T20:37:35","modified_gmt":"2026-03-06T19:37:35","slug":"kariera","status":"publish","type":"page","link":"https:\/\/kc-mediagroup.pl\/pl\/kariera\/","title":{"rendered":"Kariera"},"content":{"rendered":"\n<section class=\"hero-subpage\">\n    <div class=\"container\">\n        <div class=\"hero-subpage__content\">\n                            <div class=\"hero-subpage__text\">\n                    <h2>Transformujemy ambicje w Tworzymy systemy wzrostu. Razem.system wzrostu.<\/h2>\n<p>Tu ambicje zamieniaj\u0105 si\u0119 w realny wp\u0142yw.<\/p>\n<p>&nbsp;<\/p>\n                <\/div>\n            \n                            <a \n                    href=\"\/pl\/kontakt\/\" \n                    class=\"hero-subpage__cta button\"\n                                    >\n                    Kontakt                <\/a>\n                    <\/div>\n    <\/div>\n<\/section>\n\n<section class=\"career-posts-list\">\n    <div class=\"container\">\n        <div class=\"career-posts\">\n                            <article class=\"career-post\">\n                                            <div class=\"career-categories\">\n                                                            <span class=\"career-category\">CONTENT <\/span>\n                                                    <\/div>\n                                        <h2><a href=\"https:\/\/kc-mediagroup.pl\/pl\/career\/producer-3\/\">Producer <\/a><\/h2>\n                                            <div class=\"career-excerpt\">\n                            Jako Junior Performance Specialist b\u0119dziesz wspiera\u0107 zesp\u00f3\u0142 w planowaniu, optymalizacji i raportowaniu kampanii digitalowych. To rola&#8230;                        <\/div>\n                                        <a href=\"https:\/\/kc-mediagroup.pl\/pl\/career\/producer-3\/\" class=\"career-link button button--secondary\">Aplikuj<\/a>\n                <\/article>\n                            <article class=\"career-post\">\n                                        <h2><a href=\"https:\/\/kc-mediagroup.pl\/pl\/career\/junior-performance-specialist-3\/\">Junior Performance Specialist <\/a><\/h2>\n                                            <div class=\"career-excerpt\">\n                            Jako Junior Performance Specialist b\u0119dziesz wspiera\u0107 zesp\u00f3\u0142 w planowaniu, optymalizacji i raportowaniu kampanii digitalowych. To rola&#8230;                        <\/div>\n                                        <a href=\"https:\/\/kc-mediagroup.pl\/pl\/career\/junior-performance-specialist-3\/\" class=\"career-link button button--secondary\">Aplikuj<\/a>\n                <\/article>\n                            <article class=\"career-post\">\n                                            <div class=\"career-categories\">\n                                                            <span class=\"career-category\">CONTENT <\/span>\n                                                    <\/div>\n                                        <h2><a href=\"https:\/\/kc-mediagroup.pl\/pl\/career\/producer-2\/\">Producer <\/a><\/h2>\n                                            <div class=\"career-excerpt\">\n                            Jako Junior Performance Specialist b\u0119dziesz wspiera\u0107 zesp\u00f3\u0142 w planowaniu, optymalizacji i raportowaniu kampanii digitalowych. To rola&#8230;                        <\/div>\n                                        <a href=\"https:\/\/kc-mediagroup.pl\/pl\/career\/producer-2\/\" class=\"career-link button button--secondary\">Aplikuj<\/a>\n                <\/article>\n                            <article class=\"career-post\">\n                                            <div class=\"career-categories\">\n                                                            <span class=\"career-category\">CUSTOMER SUCCESS <\/span>\n                                                    <\/div>\n                                        <h2><a href=\"https:\/\/kc-mediagroup.pl\/pl\/career\/junior-performance-specialist-2\/\">Junior Performance Specialist <\/a><\/h2>\n                                            <div class=\"career-excerpt\">\n                            Jako Junior Performance Specialist b\u0119dziesz wspiera\u0107 zesp\u00f3\u0142 w planowaniu, optymalizacji i raportowaniu kampanii digitalowych. To rola&#8230;                        <\/div>\n                                        <a href=\"https:\/\/kc-mediagroup.pl\/pl\/career\/junior-performance-specialist-2\/\" class=\"career-link button button--secondary\">Aplikuj<\/a>\n                <\/article>\n            <div class=\"career-acf-text\">W K&amp;C nie chodzi o taski, a wsp\u00f3\u0142tworzenie rozwi\u0105za\u0144, kt\u00f3re zmieniaj\u0105 spos\u00f3b dzia\u0142ania marek. Pracujemy end to end, bierzemy odpowiedzialno\u015b\u0107 i uczymy si\u0119, robi\u0105c rzeczy, kt\u00f3re naprawd\u0119 maj\u0105 znaczenie.<\/div>                <article class=\"career-post\">\n                                            <div class=\"career-categories\">\n                                                            <span class=\"career-category\">CUSTOMER SUCCESS <\/span>\n                                                    <\/div>\n                                        <h2><a href=\"https:\/\/kc-mediagroup.pl\/pl\/career\/junior-performance-specialist\/\">Junior Performance Specialist <\/a><\/h2>\n                                            <div class=\"career-excerpt\">\n                            Jako Junior Performance Specialist b\u0119dziesz wspiera\u0107 zesp\u00f3\u0142 w planowaniu, optymalizacji i raportowaniu kampanii digitalowych. To rola&#8230;                        <\/div>\n                                        <a href=\"https:\/\/kc-mediagroup.pl\/pl\/career\/junior-performance-specialist\/\" class=\"career-link button button--secondary\">Aplikuj<\/a>\n                <\/article>\n                            <article class=\"career-post\">\n                                        <h2><a href=\"https:\/\/kc-mediagroup.pl\/pl\/career\/producer\/\">Producer <\/a><\/h2>\n                                            <div class=\"career-excerpt\">\n                            Jako Junior Performance Specialist b\u0119dziesz wspiera\u0107 zesp\u00f3\u0142 w planowaniu, optymalizacji i raportowaniu kampanii digitalowych. To rola&#8230;                        <\/div>\n                                        <a href=\"https:\/\/kc-mediagroup.pl\/pl\/career\/producer\/\" class=\"career-link button button--secondary\">Aplikuj<\/a>\n                <\/article>\n                    <\/div>\n    <\/div>\n<\/section>\n\n\n\n<p><\/p>\n","protected":false},"excerpt":{"rendered":"","protected":false},"author":3,"featured_media":0,"parent":0,"menu_order":0,"comment_status":"closed","ping_status":"closed","template":"page-services.php","meta":{"_editorskit_title_hidden":false,"_editorskit_reading_time":0,"_editorskit_is_block_options_detached":false,"_editorskit_block_options_position":"{}","footnotes":""},"class_list":["post-3618","page","type-page","status-publish","hentry"],"_links":{"self":[{"href":"https:\/\/kc-mediagroup.pl\/pl\/wp-json\/wp\/v2\/pages\/3618","targetHints":{"allow":["GET"]}}],"collection":[{"href":"https:\/\/kc-mediagroup.pl\/pl\/wp-json\/wp\/v2\/pages"}],"about":[{"href":"https:\/\/kc-mediagroup.pl\/pl\/wp-json\/wp\/v2\/types\/page"}],"author":[{"embeddable":true,"href":"https:\/\/kc-mediagroup.pl\/pl\/wp-json\/wp\/v2\/users\/3"}],"replies":[{"embeddable":true,"href":"https:\/\/kc-mediagroup.pl\/pl\/wp-json\/wp\/v2\/comments?post=3618"}],"version-history":[{"count":10,"href":"https:\/\/kc-mediagroup.pl\/pl\/wp-json\/wp\/v2\/pages\/3618\/revisions"}],"predecessor-version":[{"id":3755,"href":"https:\/\/kc-mediagroup.pl\/pl\/wp-json\/wp\/v2\/pages\/3618\/revisions\/3755"}],"wp:attachment":[{"href":"https:\/\/kc-mediagroup.pl\/pl\/wp-json\/wp\/v2\/media?parent=3618"}],"curies":[{"name":"wp","href":"https:\/\/api.w.org\/{rel}","templated":true}]}}